{"id":1145,"date":"2025-01-03T15:26:17","date_gmt":"2025-01-03T15:26:17","guid":{"rendered":"https:\/\/www.caselect.co.uk\/?page_id=1145"},"modified":"2026-01-12T09:54:18","modified_gmt":"2026-01-12T09:54:18","slug":"meet-the-team","status":"publish","type":"page","link":"https:\/\/www.caselect.co.uk\/cy\/meet-the-team\/","title":{"rendered":"Cwrdd \u00e2'r T\u00eem"},"content":{"rendered":"<h2 class=\"wp-block-heading eplus-wrapper\">Cwrdd \u00e2'r t\u00eem<\/h2>\n\n\n<div class=\"wp-block-columns eplus-wrapper is-layout-flex wp-container-core-columns-is-layout-28f84493 wp-block-columns-is-layout-flex eplus-styles-uid-e017c4\" style=\"border-radius:25px;box-shadow:var(--wp--preset--shadow--natural)\"><div class=\"wp-block-column eplus-wrapper is-layout-flow wp-block-column-is-layout-flow eplus-styles-uid-052e3d\" style=\"border-right-color:var(--wp--preset--color--primary);border-right-width:1px;padding-right:var(--wp--preset--spacing--40);padding-left:var(--wp--preset--spacing--40);box-shadow:none;flex-basis:50%\">\n<h3 class=\"is-style-vk-heading-solid_black wp-block-heading has-border-color has-primary-border-color has-primary-color has-base-background-color has-text-color has-background has-link-color eplus-wrapper wp-elements-9892d3edbfadb12539001b7f9401e005\" style=\"margin-top:var(--wp--preset--spacing--40);margin-bottom:var(--wp--preset--spacing--40)\">Steve Collis FCA<\/h3>\n\n\n<h4 class=\"wp-block-heading eplus-wrapper eplus-styles-uid-2d2e94\" style=\"margin-bottom:var(--wp--preset--spacing--30)\">Managing Director \/ Founder | Chartered Accountant, CA Select Limited<\/h4>\n\n\n<figure class=\"is-style-vk-image-photoFrame-tilt-left pen-pic wp-block-image alignleft size-medium is-resized eplus-wrapper\"><img decoding=\"async\" width=\"200\" height=\"300\" src=\"https:\/\/www.caselect.co.uk\/wp-content\/uploads\/2025\/01\/image-2-200x300.png\" alt=\"Steve Collis, Managing Director CA Select Limited\" class=\"wp-image-1149\" style=\"width:149px;height:auto\" srcset=\"https:\/\/www.caselect.co.uk\/wp-content\/uploads\/2025\/01\/image-2-200x300.png 200w, https:\/\/www.caselect.co.uk\/wp-content\/uploads\/2025\/01\/image-2-50x75.png 50w, https:\/\/www.caselect.co.uk\/wp-content\/uploads\/2025\/01\/image-2-8x12.png 8w, https:\/\/www.caselect.co.uk\/wp-content\/uploads\/2025\/01\/image-2.png 290w\" sizes=\"(max-width: 200px) 100vw, 200px\" \/><\/figure>\n\n\n<p class=\"eplus-wrapper eplus-styles-uid-24b8d8\">Mae Steve Collis yn Gyfrifydd Siartredig profiadol iawn wedi'i leoli yng Ngogledd Swydd Stafford. Ar \u00f4l cymhwyso ym 1982 gyda Peat Marwick Mitchell (KPMG bellach), dechreuodd Steve ar yrfa ddisglair dros bedwar degawd.<\/p>\n\n<p class=\"eplus-wrapper eplus-styles-uid-24b8d8\">Ym 1984, ymunodd Steve \u00e2 CCC lleol, gan wasanaethu fel Rheolwr Ariannol Gr\u0175p a threulio sawl blwyddyn yn Llundain. Yn ystod y cyfnod hwn, chwaraeodd ran ganolog mewn caffaeliadau a throsolodd ei arbenigedd treth i sicrhau gwerth ychwanegol, gan gynnwys nodi lwfansau cyfalaf o fewn eiddo gr\u0175p.<\/p>\n\n<p class=\"eplus-wrapper eplus-styles-uid-24b8d8\">Yn dilyn caffaeliad y PLC gan Ladbrokes ym 1990, cynorthwyodd Steve y perchnogion newydd i gael gwared ar gwmn\u00efau di-graidd. Roedd ei waith cynllunio treth rhagweithiol yn lliniaru rhwymedigaethau treth ar y gwarediadau hyn, gan gynnwys ailstrwythuro strategol is-grwpiau a buddiant rhydd-ddaliadol y gr\u0175p yn hen adeilad EEC ym Mrwsel.<\/p>\n\n<p class=\"eplus-wrapper eplus-styles-uid-24b8d8\">Ar \u00f4l gadael Ladbrokes ym 1991, bu Steve mewn swyddi cyllid uwch ar draws cwmn\u00efau gwasanaeth yn Swydd Gaer a Swydd Stafford. Yn nodedig, yn 2003, ymunodd \u00e2 syrfewyr Butters John Bee (BJB), lle sefydlodd yr is-adran Lwfansau Cyfalaf yn 2008. Yn dilyn corffori\u2019r busnes yn 2014, daeth Steve yn Gyfarwyddwr Cyllid, gan oruchwylio twf a llwyddiant parhaus yr adran.<\/p>\n\n<p class=\"eplus-wrapper eplus-styles-uid-24b8d8\">Yn 2018, yn dilyn gwerthiant BJB i asiantaeth genedlaethol, sefydlodd Steve CA Select Limited, gan ganolbwyntio\u2019n gyfan gwbl ar ddarparu gwasanaethau lwfansau cyfalaf arbenigol i berchnogion eiddo masnachol. Gan weithio\u2019n agos gyda chleientiaid, cyfrifwyr, a chyfreithwyr, mae Steve wedi llwyddo i wneud y mwyaf o hawliadau lwfansau cyfalaf ar draws senarios amrywiol, gan gynnwys portffolios eiddo presennol, caffaeliadau, adeiladau newydd, estyniadau, ac adnewyddu.<\/p><\/div>\n\n<div class=\"wp-block-column eplus-wrapper is-layout-flow wp-block-column-is-layout-flow eplus-styles-uid-634530\" style=\"flex-basis:50%\">\n<div class=\"wp-block-group eplus-wrapper has-global-padding is-layout-constrained wp-block-group-is-layout-constrained\"><h3 class=\"is-style-vk-heading-solid_black wp-block-heading has-border-color has-primary-border-color has-primary-color has-base-background-color has-text-color has-background has-link-color eplus-wrapper wp-elements-67ff667d375b9b3b69254f328b6489bf eplus-styles-uid-4845e1\" style=\"margin-top:var(--wp--preset--spacing--40);margin-bottom:var(--wp--preset--spacing--40)\">Dafydd Evans <\/h3>\n\n<h4 class=\"wp-block-heading eplus-wrapper eplus-styles-uid-2d2e94\" style=\"margin-bottom:var(--wp--preset--spacing--30)\">Cyfarwyddwr, CA Select Cyfyngedig<\/h4>\n\n\n<figure class=\"is-style-vk-image-photoFrame-tilt-right pen-pic wp-block-image alignleft size-full is-resized eplus-wrapper\"><img decoding=\"async\" width=\"240\" height=\"300\" src=\"https:\/\/www.caselect.co.uk\/wp-content\/uploads\/2026\/01\/my-face.png\" alt=\"Dafydd Evans\" class=\"wp-image-2391\" style=\"width:197px;height:auto\" srcset=\"https:\/\/www.caselect.co.uk\/wp-content\/uploads\/2026\/01\/my-face.png 240w, https:\/\/www.caselect.co.uk\/wp-content\/uploads\/2026\/01\/my-face-10x12.png 10w\" sizes=\"(max-width: 240px) 100vw, 240px\" \/><\/figure>\n\n\n<p class=\"eplus-wrapper eplus-styles-uid-24b8d8\">Mae Dafydd Evans, a ymunodd \u00e2 CA Select Limited ym mis Medi 2023, wedi\u2019i leoli yn Wrecsam. Gyda dros 20 mlynedd o brofiad mewn cymorth busnes ac ymgynghoriaeth, mae gan Dafydd hanes profedig o ddarparu cyngor ac atebion wedi'u teilwra i fusnesau bach a chanolig, microfusnesau, a sefydliadau sy'n canolbwyntio ar dwf. Ei arbenigedd yw helpu busnesau i lywio heriau, achub ar gyfleoedd, a chyflawni twf cynaliadwy.<\/p>\n\n<p class=\"eplus-wrapper eplus-styles-uid-24b8d8\">Drwy gydol ei yrfa, mae Dafydd wedi gweithio\u2019n helaeth ar gontractau sector cyhoeddus, gan gydweithio \u00e2 chyrff Llywodraeth Genedlaethol, Rhanbarthol a Lleol. Mae ei brofiad yn cwmpasu cyflwyno rhaglenni a mentrau effaith uchel, ynghyd \u00e2 rheolaeth ac arweinyddiaeth effeithiol timau mawr, deinamig.<\/p>\n\n<p class=\"eplus-wrapper eplus-styles-uid-24b8d8\">Mae ymroddiad Dafydd i ddeall anghenion unigryw pob busnes y mae\u2019n ei gefnogi wedi ennill enw da iddo fel cynghorydd y gellir ymddiried ynddo. Mae ei ymrwymiad i ragoriaeth a'i ddull ymarferol sy'n cael ei yrru gan ganlyniadau yn parhau i gael effaith sylweddol ar y busnesau y mae'n gweithio gyda nhw.<\/p>\n\n\n<p class=\"eplus-wrapper\"><\/p>\n\n\n\n<figure class=\"linkedin-logo wp-block-image alignleft size-full is-resized eplus-wrapper\" style=\"margin-top:0;margin-bottom:var(--wp--preset--spacing--40)\"><a href=\"https:\/\/www.linkedin.com\/in\/dafyddevans\/\" target=\"_blank\" rel=\" noreferrer noopener\"><img decoding=\"async\" width=\"225\" height=\"225\" src=\"https:\/\/www.caselect.co.uk\/wp-content\/uploads\/2025\/01\/image-8.png\" alt=\"Connect with me on Linked In\" class=\"wp-image-1183\" style=\"aspect-ratio:1.3333333333333333;object-fit:contain;width:129px;height:auto\" srcset=\"https:\/\/www.caselect.co.uk\/wp-content\/uploads\/2025\/01\/image-8.png 225w, https:\/\/www.caselect.co.uk\/wp-content\/uploads\/2025\/01\/image-8-150x150.png 150w, https:\/\/www.caselect.co.uk\/wp-content\/uploads\/2025\/01\/image-8-50x50.png 50w, https:\/\/www.caselect.co.uk\/wp-content\/uploads\/2025\/01\/image-8-12x12.png 12w\" sizes=\"(max-width: 225px) 100vw, 225px\" \/><\/a><\/figure>\n\n\n\n<figure class=\"cymraeg-logo wp-block-image alignleft size-full is-resized eplus-wrapper\" style=\"margin-top:0;margin-bottom:var(--wp--preset--spacing--40)\"><img decoding=\"async\" width=\"176\" height=\"226\" src=\"https:\/\/www.caselect.co.uk\/wp-content\/uploads\/2025\/01\/image.png\" alt=\"Siarad Cymraeg\" class=\"wp-image-1146\" style=\"aspect-ratio:1.3333333333333333;object-fit:contain;width:131px;height:auto\" srcset=\"https:\/\/www.caselect.co.uk\/wp-content\/uploads\/2025\/01\/image.png 176w, https:\/\/www.caselect.co.uk\/wp-content\/uploads\/2025\/01\/image-50x64.png 50w, https:\/\/www.caselect.co.uk\/wp-content\/uploads\/2025\/01\/image-9x12.png 9w\" sizes=\"(max-width: 176px) 100vw, 176px\" \/><\/figure>\n<\/div>\n<\/div><\/div>\n\n\n<p class=\"eplus-wrapper\"><\/p>","protected":false},"excerpt":{"rendered":"<p>Meet the team Steve Collis FCA Managing Director \/ Founder | Chartered Accountant, CA Select Limited Steve Collis is a highly experienced Chartered Accountant based in North Staffordshire. After qualifying in 1982 with Peat Marwick Mitchell (now KPMG), Steve embarked on a distinguished career spanning over four decades. In 1984, Steve joined a local PLC, [&hellip;]<\/p>\n","protected":false},"author":2,"featured_media":0,"parent":0,"menu_order":0,"comment_status":"closed","ping_status":"closed","template":"","meta":{"_eb_attr":"","editor_plus_copied_stylings":"{}","footnotes":""},"imc_layers":[],"imc_icons":[],"class_list":["post-1145","page","type-page","status-publish","hentry"],"imc_loc":"","imc_img_tag":null,"_links":{"self":[{"href":"https:\/\/www.caselect.co.uk\/cy\/wp-json\/wp\/v2\/pages\/1145","targetHints":{"allow":["GET"]}}],"collection":[{"href":"https:\/\/www.caselect.co.uk\/cy\/wp-json\/wp\/v2\/pages"}],"about":[{"href":"https:\/\/www.caselect.co.uk\/cy\/wp-json\/wp\/v2\/types\/page"}],"author":[{"embeddable":true,"href":"https:\/\/www.caselect.co.uk\/cy\/wp-json\/wp\/v2\/users\/2"}],"replies":[{"embeddable":true,"href":"https:\/\/www.caselect.co.uk\/cy\/wp-json\/wp\/v2\/comments?post=1145"}],"version-history":[{"count":14,"href":"https:\/\/www.caselect.co.uk\/cy\/wp-json\/wp\/v2\/pages\/1145\/revisions"}],"predecessor-version":[{"id":2392,"href":"https:\/\/www.caselect.co.uk\/cy\/wp-json\/wp\/v2\/pages\/1145\/revisions\/2392"}],"wp:attachment":[{"href":"https:\/\/www.caselect.co.uk\/cy\/wp-json\/wp\/v2\/media?parent=1145"}],"wp:term":[{"taxonomy":"imc-layer","embeddable":true,"href":"https:\/\/www.caselect.co.uk\/cy\/wp-json\/wp\/v2\/imc_layers?post=1145"},{"taxonomy":"imc-icon","embeddable":true,"href":"https:\/\/www.caselect.co.uk\/cy\/wp-json\/wp\/v2\/imc_icons?post=1145"}],"curies":[{"name":"wp","href":"https:\/\/api.w.org\/{rel}","templated":true}]}}